{"id":177,"date":"2020-05-19T12:22:49","date_gmt":"2020-05-19T09:22:49","guid":{"rendered":"https:\/\/fotosto-fi.hel5.wp-cloud.dev\/?page_id=177"},"modified":"2020-06-01T16:45:58","modified_gmt":"2020-06-01T13:45:58","slug":"karjaapohjamustio","status":"publish","type":"page","link":"https:\/\/fotosto.fi\/fi\/karjaapohjamustio\/","title":{"rendered":"Nostalgiaa"},"content":{"rendered":"\n<p>Mik\u00e4 olisikaan parempi lahja syd\u00e4melt\u00e4\u00e4n itse\u00e4ns\u00e4 karjaalaiseksi, pohjalaiseksi tai mustiolaiseksi tuntevalle!<\/p>\n\n\n\n<p>Meilt\u00e4 saat kahvimukeja, hiirimattoja, tarroja, avaimenrenkaita ja t-paitoja Karjaan-, Pohjan- ja Karjaan maalaiskunnan vaakunalla varustettuina. Paljon tavaraa l\u00f6ytyy suoraan hyllyst\u00e4 ja loput valmistetaan noin p\u00e4iv\u00e4n toimitusajalla.<\/p>\n","protected":false},"excerpt":{"rendered":"<p>Mik\u00e4 olisikaan parempi lahja syd\u00e4melt\u00e4\u00e4n itse\u00e4ns\u00e4 karjaalaiseksi, pohjalaiseksi tai mustiolaiseksi tuntevalle! Meilt\u00e4 saat kahvimukeja, hiirimattoja, tarroja, avaimenrenkaita ja t-paitoja Karjaan-, Pohjan- ja Karjaan maalaiskunnan vaakunalla<span class=\"more-button\"><a href=\"https:\/\/fotosto.fi\/fi\/karjaapohjamustio\/\" class=\"more-link\">Continue Reading<span class=\"screen-reader-text\">Nostalgiaa<\/span><\/a><\/span><\/p>\n","protected":false},"author":1,"featured_media":157,"parent":0,"menu_order":0,"comment_status":"closed","ping_status":"closed","template":"","meta":{"footnotes":""},"class_list":["post-177","page","type-page","status-publish","has-post-thumbnail","hentry"],"_links":{"self":[{"href":"https:\/\/fotosto.fi\/fi\/wp-json\/wp\/v2\/pages\/177","targetHints":{"allow":["GET"]}}],"collection":[{"href":"https:\/\/fotosto.fi\/fi\/wp-json\/wp\/v2\/pages"}],"about":[{"href":"https:\/\/fotosto.fi\/fi\/wp-json\/wp\/v2\/types\/page"}],"author":[{"embeddable":true,"href":"https:\/\/fotosto.fi\/fi\/wp-json\/wp\/v2\/users\/1"}],"replies":[{"embeddable":true,"href":"https:\/\/fotosto.fi\/fi\/wp-json\/wp\/v2\/comments?post=177"}],"version-history":[{"count":4,"href":"https:\/\/fotosto.fi\/fi\/wp-json\/wp\/v2\/pages\/177\/revisions"}],"predecessor-version":[{"id":218,"href":"https:\/\/fotosto.fi\/fi\/wp-json\/wp\/v2\/pages\/177\/revisions\/218"}],"wp:featuredmedia":[{"embeddable":true,"href":"https:\/\/fotosto.fi\/fi\/wp-json\/wp\/v2\/media\/157"}],"wp:attachment":[{"href":"https:\/\/fotosto.fi\/fi\/wp-json\/wp\/v2\/media?parent=177"}],"curies":[{"name":"wp","href":"https:\/\/api.w.org\/{rel}","templated":true}]}}