{"id":169,"date":"2020-05-19T12:00:24","date_gmt":"2020-05-19T09:00:24","guid":{"rendered":"https:\/\/fotosto-fi.hel5.wp-cloud.dev\/?page_id=169"},"modified":"2023-05-15T12:49:39","modified_gmt":"2023-05-15T09:49:39","slug":"ota-yhteytta","status":"publish","type":"page","link":"https:\/\/fotosto.fi\/fi\/ota-yhteytta\/","title":{"rendered":"Ota yhteytt\u00e4"},"content":{"rendered":"\n<p>Puh. \/ Whatsapp \/ Signal \/ SMS: 041 313 9415<br>Puh. 019 239 0789<br>info(\u00e4t)fotosto.fi<br>Keskuskatu 83, 10300 Karjaa<\/p>\n\n\n\n<p><strong>Olemme avoinna<\/strong> maanantaista perjantaihin klo 9\u201317.<\/p>\n\n\n\n<hr class=\"wp-block-separator has-css-opacity is-style-wide\"\/>\n\n\n\n<p><strong>Poikkeavat aukioloajat:<\/strong><br>Juhannusaatto suljettu<br>Itsen\u00e4isyysp\u00e4iv\u00e4 suljettu<br>Jouluaatto suljettu<br>Joulup\u00e4iv\u00e4 suljettu<br>Tapaninp\u00e4iv\u00e4 suljettu<br>Uudenvuodenaatto suljettu<br>Sek\u00e4 kaikki muut punaiset kalenterip\u00e4iv\u00e4t suljettu.<\/p>\n\n\n\n<hr class=\"wp-block-separator has-css-opacity is-style-wide\"\/>\n\n\n\n<p>Fotostossa sinua palvelevat Rasmus Illman, Janne Koivuniemi sek\u00e4 Christian Willf\u00f6r. Suomeksi, ruotsiksi tai englanniksi.<\/p>\n\n\n\n<hr class=\"wp-block-separator has-alpha-channel-opacity is-style-wide\"\/>\n\n\n\n<p><strong>Toimitusehdot<\/strong><br>Toimitusehtomme l\u00f6yd\u00e4t <a href=\"https:\/\/fotosto.fi\/ToimitusehdotFotosto.pdf\" target=\"_blank\" rel=\"noreferrer noopener\">t\u00e4\u00e4lt\u00e4<\/a>.<\/p>\n\n\n\n<hr class=\"wp-block-separator has-css-opacity is-style-wide\"\/>\n\n\n\n<p><strong>Short info in English:<\/strong><br>We are open business days Monday to Friday at 9:00\u201317:00.<br>We take pictures for passports, driver\u2019s licenses and visas, either as paper pictures, sent electronically to the police or to your email as a jpeg.<\/p>\n\n\n\n<hr class=\"wp-block-separator has-css-opacity is-style-wide\"\/>\n\n\n\n<p>Y-tunnus: 3170890-9<\/p>\n\n\n\n<p><strong>Verkkolaskutusosoite<\/strong><br>Verkkolaskuosoite: 003731708909<br>Operaattori: Maventa (003721291126)<br><em>V\u00e4litt\u00e4j\u00e4tunnus pankkiverkosta l\u00e4hetett\u00e4ess\u00e4: DABAFIHH<\/em><\/p>\n\n\n\n<hr class=\"wp-block-separator has-css-opacity is-style-wide\"\/>\n\n\n\n<h3 class=\"wp-block-heading\">Fotosto ja ADD<\/h3>\n\n\n\n<p>Fotosto on <a href=\"https:\/\/www.add.fi\/fi\/\" target=\"_blank\" rel=\"noreferrer noopener\">ADD \u2013 Graafinen toimisto<\/a> -yrityksen rekister\u00f6ity aputoiminimi. ADD tekee graafista suunnittelua sek\u00e4 paino- ja mainostuotteita. Yritykset toimivat samoissa tiloissa, ja synergiaedut n\u00e4kyv\u00e4t Fotoston asiakkailleen tarjoamassa laajassa tuotevalikoimassa.<\/p>\n","protected":false},"excerpt":{"rendered":"<p>Puh. \/ Whatsapp \/ Signal \/ SMS: 041 313 9415Puh. 019 239 0789info(\u00e4t)fotosto.fiKeskuskatu 83, 10300 Karjaa Olemme avoinna maanantaista perjantaihin klo 9\u201317. Poikkeavat aukioloajat:Juhannusaatto suljettuItsen\u00e4isyysp\u00e4iv\u00e4<span class=\"more-button\"><a href=\"https:\/\/fotosto.fi\/fi\/ota-yhteytta\/\" class=\"more-link\">Continue Reading<span class=\"screen-reader-text\">Ota yhteytt\u00e4<\/span><\/a><\/span><\/p>\n","protected":false},"author":1,"featured_media":152,"parent":0,"menu_order":0,"comment_status":"closed","ping_status":"closed","template":"templates\/no-sidebar.php","meta":{"footnotes":""},"class_list":["post-169","page","type-page","status-publish","has-post-thumbnail","hentry"],"_links":{"self":[{"href":"https:\/\/fotosto.fi\/fi\/wp-json\/wp\/v2\/pages\/169","targetHints":{"allow":["GET"]}}],"collection":[{"href":"https:\/\/fotosto.fi\/fi\/wp-json\/wp\/v2\/pages"}],"about":[{"href":"https:\/\/fotosto.fi\/fi\/wp-json\/wp\/v2\/types\/page"}],"author":[{"embeddable":true,"href":"https:\/\/fotosto.fi\/fi\/wp-json\/wp\/v2\/users\/1"}],"replies":[{"embeddable":true,"href":"https:\/\/fotosto.fi\/fi\/wp-json\/wp\/v2\/comments?post=169"}],"version-history":[{"count":16,"href":"https:\/\/fotosto.fi\/fi\/wp-json\/wp\/v2\/pages\/169\/revisions"}],"predecessor-version":[{"id":280,"href":"https:\/\/fotosto.fi\/fi\/wp-json\/wp\/v2\/pages\/169\/revisions\/280"}],"wp:featuredmedia":[{"embeddable":true,"href":"https:\/\/fotosto.fi\/fi\/wp-json\/wp\/v2\/media\/152"}],"wp:attachment":[{"href":"https:\/\/fotosto.fi\/fi\/wp-json\/wp\/v2\/media?parent=169"}],"curies":[{"name":"wp","href":"https:\/\/api.w.org\/{rel}","templated":true}]}}