{"id":164,"date":"2020-05-19T11:56:25","date_gmt":"2020-05-19T08:56:25","guid":{"rendered":"https:\/\/fotosto-fi.hel5.wp-cloud.dev\/?page_id=164"},"modified":"2020-06-01T16:41:37","modified_gmt":"2020-06-01T13:41:37","slug":"mainostuoteet","status":"publish","type":"page","link":"https:\/\/fotosto.fi\/fi\/mainostuoteet\/","title":{"rendered":"Mainostuotteet"},"content":{"rendered":"\n<h3 class=\"wp-block-heading\">Tarjoamme suuren valikoiman tuotteita ja palveluita my\u00f6s yrityksille<\/h3>\n\n\n\n<h4 class=\"wp-block-heading\">Mainos- ja markkinointituotteet<\/h4>\n\n\n\n<p><strong>Valmistamme, myymme ja teemme mm.:<\/strong><\/p>\n\n\n\n<ul class=\"wp-block-list\"><li>Kylttej\u00e4<\/li><li>A-standeja\/katupuhujia<ul><li>50\u00d770 cm &#8211; varastotuote<\/li><li>70\u00d7100 cm &#8211; tilaustuote<\/li><li>UUTUUS! 25\u00d770 cm, kun tilaa on v\u00e4h\u00e4n &#8211; varastotuote<\/li><\/ul><\/li><li>Rollup-telineit\u00e4<\/li><li>Ikkunateippuksia<\/li><li>Autoteippauksia<\/li><li>Pienet tarrat esim. ty\u00f6kalujen merkint\u00e4\u00e4n<\/li><li>Sisustustauluja (kanvastaulut)<\/li><li>Rintanappeja<\/li><li>Vaatepainatukset<\/li><li>omiin vaatteisiisi tai meid\u00e4n myymiimme vaatteisiin, katso valikoimaosoitteessa www.skypro.fi<\/li><\/ul>\n\n\n\n<h4 class=\"wp-block-heading\">Tuote- ja yrityskuvaukset<\/h4>\n\n\n\n<p>Kuvaamme ty\u00f6vaiheita, tuotteita, ulko- ja sis\u00e4tilakuvia, henkil\u00f6kuntaa ym.<\/p>\n","protected":false},"excerpt":{"rendered":"<p>Tarjoamme suuren valikoiman tuotteita ja palveluita my\u00f6s yrityksille Mainos- ja markkinointituotteet Valmistamme, myymme ja teemme mm.: Kylttej\u00e4 A-standeja\/katupuhujia 50\u00d770 cm &#8211; varastotuote 70\u00d7100 cm &#8211;<span class=\"more-button\"><a href=\"https:\/\/fotosto.fi\/fi\/mainostuoteet\/\" class=\"more-link\">Continue Reading<span class=\"screen-reader-text\">Mainostuotteet<\/span><\/a><\/span><\/p>\n","protected":false},"author":1,"featured_media":156,"parent":0,"menu_order":0,"comment_status":"closed","ping_status":"closed","template":"templates\/no-sidebar.php","meta":{"footnotes":""},"class_list":["post-164","page","type-page","status-publish","has-post-thumbnail","hentry"],"_links":{"self":[{"href":"https:\/\/fotosto.fi\/fi\/wp-json\/wp\/v2\/pages\/164","targetHints":{"allow":["GET"]}}],"collection":[{"href":"https:\/\/fotosto.fi\/fi\/wp-json\/wp\/v2\/pages"}],"about":[{"href":"https:\/\/fotosto.fi\/fi\/wp-json\/wp\/v2\/types\/page"}],"author":[{"embeddable":true,"href":"https:\/\/fotosto.fi\/fi\/wp-json\/wp\/v2\/users\/1"}],"replies":[{"embeddable":true,"href":"https:\/\/fotosto.fi\/fi\/wp-json\/wp\/v2\/comments?post=164"}],"version-history":[{"count":3,"href":"https:\/\/fotosto.fi\/fi\/wp-json\/wp\/v2\/pages\/164\/revisions"}],"predecessor-version":[{"id":213,"href":"https:\/\/fotosto.fi\/fi\/wp-json\/wp\/v2\/pages\/164\/revisions\/213"}],"wp:featuredmedia":[{"embeddable":true,"href":"https:\/\/fotosto.fi\/fi\/wp-json\/wp\/v2\/media\/156"}],"wp:attachment":[{"href":"https:\/\/fotosto.fi\/fi\/wp-json\/wp\/v2\/media?parent=164"}],"curies":[{"name":"wp","href":"https:\/\/api.w.org\/{rel}","templated":true}]}}