{"id":162,"date":"2020-05-19T11:50:35","date_gmt":"2020-05-19T08:50:35","guid":{"rendered":"https:\/\/fotosto-fi.hel5.wp-cloud.dev\/?page_id=162"},"modified":"2020-11-12T11:43:58","modified_gmt":"2020-11-12T09:43:58","slug":"kuvatuotteet","status":"publish","type":"page","link":"https:\/\/fotosto.fi\/fi\/kuvatuotteet\/","title":{"rendered":"Kuvatuotteet"},"content":{"rendered":"\n<h3 class=\"wp-block-heading\">Paperikuvat<\/h3>\n\n\n\n<p>Meilt\u00e4 saat paperikuvat kamerasi, puhelimesi, USB-tikkusi tai kovalevysi kuvista.Pienen m\u00e4\u00e4r\u00e4n kuvia voit my\u00f6s l\u00e4hett\u00e4\u00e4 meille s\u00e4hk\u00f6postilla (maks. 20 Mt) ja suuremmat m\u00e4\u00e4r\u00e4t esim. Wetransfer-palvelun avulla.<\/p>\n\n\n\n<h3 class=\"wp-block-heading\">Paperikuvat negatiiveista ja dioista<\/h3>\n\n\n\n<p>Oletko hukannut t\u00e4rke\u00e4n valokuvan, mutta sinulla on viel\u00e4 tallessa alkuper\u00e4inen negatiivi tai dia? Tuo se meille, niin saat hetkess\u00e4 uuden valokuvan.<\/p>\n\n\n\n<h3 class=\"wp-block-heading\">Suurennokset ja valokuvakopiot<\/h3>\n\n\n\n<p>Voit tuoda paperiset valokuvasi meille, niin teemme niist\u00e4 kopioita ja suurennoksia. Suurennamme kuvasi jopa 1\u00d72-metriseksi! Valmistamme my\u00f6s panoraamakuvia, esim. 90&#215;20 cm.<\/p>\n\n\n\n<h3 class=\"wp-block-heading\">Kuvien skannaus<\/h3>\n\n\n\n<p>Skannauta paperikuvasi, negatiivisi tai diasi s\u00e4hk\u00f6iseen muotoon. <\/p>\n\n\n\n<h3 class=\"wp-block-heading\">Kuvank\u00e4sittely<\/h3>\n\n\n\n<p>Jos sinulla on vanha, haalistunut tai vaurioitunut kuva, pystymme todenn\u00e4k\u00f6isesti pelastamaan sen ja toimittamaan sinulle uuden, paremman kuvan. Vanhat mustavalkoiset kuvat saavat uuden el\u00e4m\u00e4n!<\/p>\n\n\n\n<h3 class=\"wp-block-heading\">H\u00e4visiv\u00e4tk\u00f6 kuvasi muistikortilta?<\/h3>\n\n\n\n<p>Voimme mahdollisesti palauttaa ne! T\u00e4rkeint\u00e4 on, ett\u00e4 et kuvaa kortille en\u00e4\u00e4, vaan tuot sen meille.<\/p>\n\n\n\n<h3 class=\"wp-block-heading\">Siirr\u00e4mme VHS-nauhasi DVD:lle tai videotiedostoiksi<\/h3>\n\n\n\n<p>Digitoimme vanhat videokasettisi. VHS-, DV- ja Mini-DV-kasetit s\u00e4ilyv\u00e4t my\u00f6s seuraavalle sukupolvelle DVD-levyin\u00e4 tai videotiedostoina!<\/p>\n","protected":false},"excerpt":{"rendered":"<p>Paperikuvat Meilt\u00e4 saat paperikuvat kamerasi, puhelimesi, USB-tikkusi tai kovalevysi kuvista.Pienen m\u00e4\u00e4r\u00e4n kuvia voit my\u00f6s l\u00e4hett\u00e4\u00e4 meille s\u00e4hk\u00f6postilla (maks. 20 Mt) ja suuremmat m\u00e4\u00e4r\u00e4t esim. Wetransfer-palvelun<span class=\"more-button\"><a href=\"https:\/\/fotosto.fi\/fi\/kuvatuotteet\/\" class=\"more-link\">Continue Reading<span class=\"screen-reader-text\">Kuvatuotteet<\/span><\/a><\/span><\/p>\n","protected":false},"author":1,"featured_media":151,"parent":0,"menu_order":0,"comment_status":"closed","ping_status":"closed","template":"templates\/no-sidebar.php","meta":{"footnotes":""},"class_list":["post-162","page","type-page","status-publish","has-post-thumbnail","hentry"],"_links":{"self":[{"href":"https:\/\/fotosto.fi\/fi\/wp-json\/wp\/v2\/pages\/162","targetHints":{"allow":["GET"]}}],"collection":[{"href":"https:\/\/fotosto.fi\/fi\/wp-json\/wp\/v2\/pages"}],"about":[{"href":"https:\/\/fotosto.fi\/fi\/wp-json\/wp\/v2\/types\/page"}],"author":[{"embeddable":true,"href":"https:\/\/fotosto.fi\/fi\/wp-json\/wp\/v2\/users\/1"}],"replies":[{"embeddable":true,"href":"https:\/\/fotosto.fi\/fi\/wp-json\/wp\/v2\/comments?post=162"}],"version-history":[{"count":3,"href":"https:\/\/fotosto.fi\/fi\/wp-json\/wp\/v2\/pages\/162\/revisions"}],"predecessor-version":[{"id":233,"href":"https:\/\/fotosto.fi\/fi\/wp-json\/wp\/v2\/pages\/162\/revisions\/233"}],"wp:featuredmedia":[{"embeddable":true,"href":"https:\/\/fotosto.fi\/fi\/wp-json\/wp\/v2\/media\/151"}],"wp:attachment":[{"href":"https:\/\/fotosto.fi\/fi\/wp-json\/wp\/v2\/media?parent=162"}],"curies":[{"name":"wp","href":"https:\/\/api.w.org\/{rel}","templated":true}]}}