{"id":160,"date":"2020-05-19T11:39:48","date_gmt":"2020-05-19T08:39:48","guid":{"rendered":"https:\/\/fotosto-fi.hel5.wp-cloud.dev\/?page_id=160"},"modified":"2020-06-01T16:36:28","modified_gmt":"2020-06-01T13:36:28","slug":"kuvalahjat","status":"publish","type":"page","link":"https:\/\/fotosto.fi\/fi\/kuvalahjat\/","title":{"rendered":"Kuvalahjat"},"content":{"rendered":"\n<p>Anna lahjaksi henkil\u00f6kohtainen tuote omalla kuvalla tai tekstill\u00e4. Valmistamme mm.<\/p>\n\n\n\n<ul class=\"wp-block-list\"><li>Kahvimukeja<\/li><li>Termosmukeja ja -pulloja<\/li><li>Palapelej\u00e4<\/li><li>Avainrenkaita<\/li><li>Hiirimattoja<\/li><li>T-paitoja<\/li><li>J\u00e4\u00e4kaappimagneetteja<\/li><li>Rintanappeja<\/li><\/ul>\n\n\n\n<h3 class=\"wp-block-heading\">Kanvastaulut<\/h3>\n\n\n\n<p>Valmistamme my\u00f6s kanvastauluja (tunnetaan my\u00f6s nimill\u00e4 canvastaulu ja sisustustaulu). Kokoja l\u00f6ytyy runsaasti,  30\u00d730-senttisist\u00e4 100\u00d770-senttisiin. Kanvastaulujemme kehyksin\u00e4 toimivat reilut, 4 cm paksuiset puukehykset kiiloilla, joiden ansiosta kankaan voi tarvittaessa kirist\u00e4\u00e4.<\/p>\n","protected":false},"excerpt":{"rendered":"<p>Anna lahjaksi henkil\u00f6kohtainen tuote omalla kuvalla tai tekstill\u00e4. Valmistamme mm. Kahvimukeja Termosmukeja ja -pulloja Palapelej\u00e4 Avainrenkaita Hiirimattoja T-paitoja J\u00e4\u00e4kaappimagneetteja Rintanappeja Kanvastaulut Valmistamme my\u00f6s kanvastauluja (tunnetaan<span class=\"more-button\"><a href=\"https:\/\/fotosto.fi\/fi\/kuvalahjat\/\" class=\"more-link\">Continue Reading<span class=\"screen-reader-text\">Kuvalahjat<\/span><\/a><\/span><\/p>\n","protected":false},"author":1,"featured_media":155,"parent":0,"menu_order":0,"comment_status":"closed","ping_status":"closed","template":"templates\/no-sidebar.php","meta":{"footnotes":""},"class_list":["post-160","page","type-page","status-publish","has-post-thumbnail","hentry"],"_links":{"self":[{"href":"https:\/\/fotosto.fi\/fi\/wp-json\/wp\/v2\/pages\/160","targetHints":{"allow":["GET"]}}],"collection":[{"href":"https:\/\/fotosto.fi\/fi\/wp-json\/wp\/v2\/pages"}],"about":[{"href":"https:\/\/fotosto.fi\/fi\/wp-json\/wp\/v2\/types\/page"}],"author":[{"embeddable":true,"href":"https:\/\/fotosto.fi\/fi\/wp-json\/wp\/v2\/users\/1"}],"replies":[{"embeddable":true,"href":"https:\/\/fotosto.fi\/fi\/wp-json\/wp\/v2\/comments?post=160"}],"version-history":[{"count":2,"href":"https:\/\/fotosto.fi\/fi\/wp-json\/wp\/v2\/pages\/160\/revisions"}],"predecessor-version":[{"id":210,"href":"https:\/\/fotosto.fi\/fi\/wp-json\/wp\/v2\/pages\/160\/revisions\/210"}],"wp:featuredmedia":[{"embeddable":true,"href":"https:\/\/fotosto.fi\/fi\/wp-json\/wp\/v2\/media\/155"}],"wp:attachment":[{"href":"https:\/\/fotosto.fi\/fi\/wp-json\/wp\/v2\/media?parent=160"}],"curies":[{"name":"wp","href":"https:\/\/api.w.org\/{rel}","templated":true}]}}