{"id":158,"date":"2020-05-19T11:29:37","date_gmt":"2020-05-19T08:29:37","guid":{"rendered":"https:\/\/fotosto-fi.hel5.wp-cloud.dev\/?page_id=158"},"modified":"2020-06-01T16:40:31","modified_gmt":"2020-06-01T13:40:31","slug":"digipaino","status":"publish","type":"page","link":"https:\/\/fotosto.fi\/fi\/digipaino\/","title":{"rendered":"Digipaino"},"content":{"rendered":"\n<h3 class=\"wp-block-heading\">K\u00e4yntikorteista esitteisiin<\/h3>\n\n\n\n<p>Meilt\u00e4 saat melkein mit\u00e4 tahansa painotuotteita: painamme, nidomme, taitamme, nuuttaamme ja sidomme metallikammoilla. Paperiksi voit valita 60\u2013300 grammaista p\u00e4\u00e4llystetty\u00e4 tai p\u00e4\u00e4llyst\u00e4m\u00e4t\u00f6nt\u00e4. Luonnollisesti saat meilt\u00e4 my\u00f6s kopiot A3-kokoon asti (297&#215;420 mm).<\/p>\n\n\n\n<p>Painamme mm.:<\/p>\n\n\n\n<ul class=\"wp-block-list\"><li>K\u00e4yntikortteja<\/li><li>Flyereita<\/li><li>Esitteit\u00e4<\/li><li>Itsej\u00e4ljent\u00e4vi\u00e4 lomakkeita<\/li><li>Kutsuja<\/li><li>Kuoria<\/li><li>Julisteita<\/li><\/ul>\n\n\n\n<h3 class=\"wp-block-heading\">&#8230; ja viel\u00e4 suurempiin tuotteisiin<\/h3>\n\n\n\n<p>Suurkokotulostimillamme voimme tulostaa jopa 1,6\u00d710 metrisi\u00e4 tulosteita (esim. julisteet, bannerit) paperille, muoville, tarralle, kankaalle ja pressulle. Tiettyjen tuotteiden pintaa voidaan suojata laminaatilla, jolloin s\u00e4\u00e4nkest\u00e4vyys paranee huomattavasti ja esim. pressuihin voidaan lis\u00e4t\u00e4 purjerenkaita, jolloin ripustaminen k\u00e4y k\u00e4tev\u00e4sti.<\/p>\n\n\n\n<h3 class=\"wp-block-heading\">&#8230; ja t\u00e4ysin erilaisiin tuotteisiin<\/h3>\n\n\n\n<p>Meilt\u00e4 saat my\u00f6s painetut rintanapit, nimikortit, ty\u00f6maakortit, vaatteet sek\u00e4 paljon, paljon muuta!<\/p>\n","protected":false},"excerpt":{"rendered":"<p>K\u00e4yntikorteista esitteisiin Meilt\u00e4 saat melkein mit\u00e4 tahansa painotuotteita: painamme, nidomme, taitamme, nuuttaamme ja sidomme metallikammoilla. Paperiksi voit valita 60\u2013300 grammaista p\u00e4\u00e4llystetty\u00e4 tai p\u00e4\u00e4llyst\u00e4m\u00e4t\u00f6nt\u00e4. Luonnollisesti saat<span class=\"more-button\"><a href=\"https:\/\/fotosto.fi\/fi\/digipaino\/\" class=\"more-link\">Continue Reading<span class=\"screen-reader-text\">Digipaino<\/span><\/a><\/span><\/p>\n","protected":false},"author":1,"featured_media":149,"parent":0,"menu_order":0,"comment_status":"closed","ping_status":"closed","template":"templates\/no-sidebar.php","meta":{"footnotes":""},"class_list":["post-158","page","type-page","status-publish","has-post-thumbnail","hentry"],"_links":{"self":[{"href":"https:\/\/fotosto.fi\/fi\/wp-json\/wp\/v2\/pages\/158","targetHints":{"allow":["GET"]}}],"collection":[{"href":"https:\/\/fotosto.fi\/fi\/wp-json\/wp\/v2\/pages"}],"about":[{"href":"https:\/\/fotosto.fi\/fi\/wp-json\/wp\/v2\/types\/page"}],"author":[{"embeddable":true,"href":"https:\/\/fotosto.fi\/fi\/wp-json\/wp\/v2\/users\/1"}],"replies":[{"embeddable":true,"href":"https:\/\/fotosto.fi\/fi\/wp-json\/wp\/v2\/comments?post=158"}],"version-history":[{"count":2,"href":"https:\/\/fotosto.fi\/fi\/wp-json\/wp\/v2\/pages\/158\/revisions"}],"predecessor-version":[{"id":212,"href":"https:\/\/fotosto.fi\/fi\/wp-json\/wp\/v2\/pages\/158\/revisions\/212"}],"wp:featuredmedia":[{"embeddable":true,"href":"https:\/\/fotosto.fi\/fi\/wp-json\/wp\/v2\/media\/149"}],"wp:attachment":[{"href":"https:\/\/fotosto.fi\/fi\/wp-json\/wp\/v2\/media?parent=158"}],"curies":[{"name":"wp","href":"https:\/\/api.w.org\/{rel}","templated":true}]}}