{"id":126,"date":"2020-05-19T11:18:55","date_gmt":"2020-05-19T08:18:55","guid":{"rendered":"https:\/\/fotosto-fi.hel5.wp-cloud.dev\/?page_id=126"},"modified":"2023-07-24T11:59:24","modified_gmt":"2023-07-24T08:59:24","slug":"passikuvat","status":"publish","type":"page","link":"https:\/\/fotosto.fi\/fi\/passikuvat\/","title":{"rendered":"Passikuvat"},"content":{"rendered":"\n<p>Otamme kuvia passia, henkil\u00f6korttia, ajokorttia, viisumia ja matrikkeleita varten sek\u00e4 moneen muuhun k\u00e4ytt\u00f6\u00f6n. Kuvat saat paperikuvina tai voimme l\u00e4hett\u00e4\u00e4 ne suoraan s\u00e4hk\u00f6isesti lupahallinnon kuvapalvelimelle jolloin saat kuvatunnuksen tekstiviestin\u00e4 k\u00e4nnykk\u00e4\u00e4si. Jos tarvitset kuvia muuhun kuin passiin tai ajokorttiin, voimme my\u00f6s l\u00e4hett\u00e4\u00e4 kuvat s\u00e4hk\u00f6postilla.<\/p>\n\n\n\n<p>Sinun ei tarvitse varata aikaa kuvaukseen.<\/p>\n\n\n\n<p>Elektroniset- <span style=\"text-decoration: underline;\">tai<\/span> paperiset passikuvat: 20 \u20ac.<br>Elektroniset- <span style=\"text-decoration: underline;\">ja<\/span> paperiset passikuvat: 25 \u20ac.<\/p>\n\n\n\n<p>Otathan huomioon seuraavan koskien s\u00e4hk\u00f6isten kuvien k\u00e4ytt\u00f6\u00e4 ajokorteissa: s\u00e4hk\u00f6ist\u00e4 kuvaa ei voi k\u00e4ytt\u00e4\u00e4 ajokorttihakemuksessa JOS ET ole \u00e4skett\u00e4in hakenut ja saanut passin tai henkil\u00f6llisyystodistuksen \u2013 silloin s\u00e4hk\u00f6ist\u00e4 kuvaa voi k\u00e4ytt\u00e4\u00e4 my\u00f6s ajokorttiin.<\/p>\n\n\n\n<p>Lis\u00e4tietoja:<\/p>\n\n\n\n<p><a href=\"https:\/\/poliisi.fi\/passi\" target=\"_blank\" rel=\"noreferrer noopener\">Passista, poliisin kotisivut<\/a><\/p>\n\n\n\n<p><a href=\"https:\/\/poliisi.fi\/henkilokortti\" target=\"_blank\" rel=\"noreferrer noopener\">Henkil\u00f6kortista, poliisin kotisivut<\/a><\/p>\n\n\n\n<p><a href=\"https:\/\/www.traficom.fi\/fi\/asioi-kanssamme\/tilaa-uusi-ajokortti\" target=\"_blank\" rel=\"noreferrer noopener\">Ajokortista, Traficom<\/a><\/p>\n","protected":false},"excerpt":{"rendered":"<p>Otamme kuvia passia, henkil\u00f6korttia, ajokorttia, viisumia ja matrikkeleita varten sek\u00e4 moneen muuhun k\u00e4ytt\u00f6\u00f6n. Kuvat saat paperikuvina tai voimme l\u00e4hett\u00e4\u00e4 ne suoraan s\u00e4hk\u00f6isesti lupahallinnon kuvapalvelimelle jolloin<span class=\"more-button\"><a href=\"https:\/\/fotosto.fi\/fi\/passikuvat\/\" class=\"more-link\">Continue Reading<span class=\"screen-reader-text\">Passikuvat<\/span><\/a><\/span><\/p>\n","protected":false},"author":1,"featured_media":150,"parent":0,"menu_order":0,"comment_status":"closed","ping_status":"closed","template":"templates\/no-sidebar.php","meta":{"footnotes":""},"class_list":["post-126","page","type-page","status-publish","has-post-thumbnail","hentry"],"_links":{"self":[{"href":"https:\/\/fotosto.fi\/fi\/wp-json\/wp\/v2\/pages\/126","targetHints":{"allow":["GET"]}}],"collection":[{"href":"https:\/\/fotosto.fi\/fi\/wp-json\/wp\/v2\/pages"}],"about":[{"href":"https:\/\/fotosto.fi\/fi\/wp-json\/wp\/v2\/types\/page"}],"author":[{"embeddable":true,"href":"https:\/\/fotosto.fi\/fi\/wp-json\/wp\/v2\/users\/1"}],"replies":[{"embeddable":true,"href":"https:\/\/fotosto.fi\/fi\/wp-json\/wp\/v2\/comments?post=126"}],"version-history":[{"count":6,"href":"https:\/\/fotosto.fi\/fi\/wp-json\/wp\/v2\/pages\/126\/revisions"}],"predecessor-version":[{"id":291,"href":"https:\/\/fotosto.fi\/fi\/wp-json\/wp\/v2\/pages\/126\/revisions\/291"}],"wp:featuredmedia":[{"embeddable":true,"href":"https:\/\/fotosto.fi\/fi\/wp-json\/wp\/v2\/media\/150"}],"wp:attachment":[{"href":"https:\/\/fotosto.fi\/fi\/wp-json\/wp\/v2\/media?parent=126"}],"curies":[{"name":"wp","href":"https:\/\/api.w.org\/{rel}","templated":true}]}}