{"id":121,"date":"2020-05-19T11:06:55","date_gmt":"2020-05-19T08:06:55","guid":{"rendered":"https:\/\/fotosto-fi.hel5.wp-cloud.dev\/?page_id=121"},"modified":"2020-05-19T11:06:55","modified_gmt":"2020-05-19T08:06:55","slug":"121-2","status":"publish","type":"page","link":"https:\/\/fotosto.fi\/fi\/","title":{"rendered":""},"content":{"rendered":"\n<p class=\"has-text-align-center\">Suoritamme my\u00f6s yrityskuvauksia, kuten ty\u00f6vaiheita, tuotekuvauksia sek\u00e4 sis\u00e4- ett\u00e4 ulkotilakuvauksia.<br>Ota yhteytt\u00e4 niin kerromme lis\u00e4\u00e4!<\/p>\n","protected":false},"excerpt":{"rendered":"<p>Suoritamme my\u00f6s yrityskuvauksia, kuten ty\u00f6vaiheita, tuotekuvauksia sek\u00e4 sis\u00e4- ett\u00e4 ulkotilakuvauksia.Ota yhteytt\u00e4 niin kerromme lis\u00e4\u00e4!<\/p>\n","protected":false},"author":1,"featured_media":0,"parent":0,"menu_order":0,"comment_status":"closed","ping_status":"closed","template":"templates\/no-sidebar.php","meta":{"footnotes":""},"class_list":["post-121","page","type-page","status-publish","hentry"],"_links":{"self":[{"href":"https:\/\/fotosto.fi\/fi\/wp-json\/wp\/v2\/pages\/121","targetHints":{"allow":["GET"]}}],"collection":[{"href":"https:\/\/fotosto.fi\/fi\/wp-json\/wp\/v2\/pages"}],"about":[{"href":"https:\/\/fotosto.fi\/fi\/wp-json\/wp\/v2\/types\/page"}],"author":[{"embeddable":true,"href":"https:\/\/fotosto.fi\/fi\/wp-json\/wp\/v2\/users\/1"}],"replies":[{"embeddable":true,"href":"https:\/\/fotosto.fi\/fi\/wp-json\/wp\/v2\/comments?post=121"}],"version-history":[{"count":1,"href":"https:\/\/fotosto.fi\/fi\/wp-json\/wp\/v2\/pages\/121\/revisions"}],"predecessor-version":[{"id":122,"href":"https:\/\/fotosto.fi\/fi\/wp-json\/wp\/v2\/pages\/121\/revisions\/122"}],"wp:attachment":[{"href":"https:\/\/fotosto.fi\/fi\/wp-json\/wp\/v2\/media?parent=121"}],"curies":[{"name":"wp","href":"https:\/\/api.w.org\/{rel}","templated":true}]}}